{"id":12842,"date":"2019-08-07T09:18:24","date_gmt":"2019-08-07T09:18:24","guid":{"rendered":"http:\/\/test.vansterandlei.com\/?page_id=12842"},"modified":"2021-10-07T15:31:45","modified_gmt":"2021-10-07T15:31:45","slug":"facilities","status":"publish","type":"page","link":"https:\/\/www.academyofartbarcelona.com\/en\/the-academy\/facilities\/","title":{"rendered":"Facilities"},"content":{"rendered":"<div class=\"wpb-content-wrapper\"><p>[vc_row][vc_column][vc_empty_space height=&#8221;52px&#8221;][\/vc_column][\/vc_row][vc_row row_content_width=&#8221;grid&#8221;][vc_column width=&#8221;1\/2&#8243;][vc_column_text css=&#8221;.vc_custom_1633620698794{margin-right: 10px !important;margin-left: 10px !important;padding-right: 80px !important;}&#8221;]<\/p>\n<h2 style=\"text-align: left;\"><strong><span style=\"color: #000000;\">Barcelona Academy of Art<\/span><\/strong><\/h2>\n<p style=\"margin-top: -16px;\"><strong><span style=\"color: #000000; font-family: Poppins,sans-serif; font-size: 18px;\">The school<\/span><\/strong><\/p>\n<hr style=\"float: left; width: 30px; background-color: #a82b26 !important; height: 3px; border: 0px;\" \/>\n<p>&nbsp;<\/p>\n<p style=\"font-family: Poppins,sans-serif; font-size: 15px;\">The BAA is located in the heart of Barcelona, in the Eixample Dret neighborhood, on the ground floor of a modernist building built at the beginning of the 20th century a few meters from Plaza Catalunya and Passeig de Gr\u00e0cia. Commissioned by the textile industrialist Llogarri Torrens Serra and his wife, Antonia Bur\u00e9s Borr\u00e0s, experts believe that the facade of the building is a design by Antoni Gaud\u00ed, later used by his collaborator Juli Batllevell.<\/p>\n<p>&nbsp;<\/p>\n<p><span style=\"color: #a82b26; font-family: Poppins,sans-serif; font-size: 13px;\">Address: <\/span><br \/>\n<strong><span style=\"color: #a82b26; font-family: Poppins,sans-serif; font-size: 13px;\">Carrer d&#8217;Ausi\u00e0s March, 42 08010 Barcelona<\/span><\/strong>[\/vc_column_text][vc_empty_space height=&#8221;52px&#8221;][\/vc_column][vc_column width=&#8221;1\/2&#8243;][rev_slider_vc alias=&#8221;instalaciones-1&#8243; enable_paspartu=&#8221;no&#8221;][\/vc_column][\/vc_row][vc_row][vc_column][vc_empty_space height=&#8221;52px&#8221;][\/vc_column][\/vc_row]<\/p>\n<\/div>","protected":false},"excerpt":{"rendered":"<p>[vc_row][vc_column][vc_empty_space height=&#8221;52px&#8221;][\/vc_column][\/vc_row][vc_row row_content_width=&#8221;grid&#8221;][vc_column width=&#8221;1\/2&#8243;][vc_column_text css=&#8221;.vc_custom_1633620698794{margin-right: 10px !important;margin-left: 10px !important;padding-right: 80px !important;}&#8221;] Barcelona Academy of Art The school &nbsp; The BAA is located in the heart of Barcelona, in the Eixample Dret neighborhood, on the ground floor of a modernist building built at the beginning of the 20th century a few meters from Plaza Catalunya and Passeig de Gr\u00e0cia. Commissioned by [&hellip;]<\/p>\n","protected":false},"author":2,"featured_media":0,"parent":12768,"menu_order":0,"comment_status":"closed","ping_status":"closed","template":"full-width.php","meta":{"_acf_changed":false,"_seopress_robots_primary_cat":"","_seopress_titles_title":"","_seopress_titles_desc":"","_seopress_robots_index":"","_bbp_topic_count":0,"_bbp_reply_count":0,"_bbp_total_topic_count":0,"_bbp_total_reply_count":0,"_bbp_voice_count":0,"_bbp_anonymous_reply_count":0,"_bbp_topic_count_hidden":0,"_bbp_reply_count_hidden":0,"_bbp_forum_subforum_count":0,"footnotes":""},"class_list":["post-12842","page","type-page","status-publish","hentry"],"acf":[],"_links":{"self":[{"href":"https:\/\/www.academyofartbarcelona.com\/en\/wp-json\/wp\/v2\/pages\/12842","targetHints":{"allow":["GET"]}}],"collection":[{"href":"https:\/\/www.academyofartbarcelona.com\/en\/wp-json\/wp\/v2\/pages"}],"about":[{"href":"https:\/\/www.academyofartbarcelona.com\/en\/wp-json\/wp\/v2\/types\/page"}],"author":[{"embeddable":true,"href":"https:\/\/www.academyofartbarcelona.com\/en\/wp-json\/wp\/v2\/users\/2"}],"replies":[{"embeddable":true,"href":"https:\/\/www.academyofartbarcelona.com\/en\/wp-json\/wp\/v2\/comments?post=12842"}],"version-history":[{"count":0,"href":"https:\/\/www.academyofartbarcelona.com\/en\/wp-json\/wp\/v2\/pages\/12842\/revisions"}],"up":[{"embeddable":true,"href":"https:\/\/www.academyofartbarcelona.com\/en\/wp-json\/wp\/v2\/pages\/12768"}],"wp:attachment":[{"href":"https:\/\/www.academyofartbarcelona.com\/en\/wp-json\/wp\/v2\/media?parent=12842"}],"curies":[{"name":"wp","href":"https:\/\/api.w.org\/{rel}","templated":true}]}}