{"id":22827,"date":"2023-06-06T14:43:27","date_gmt":"2022-10-17T14:25:10","guid":{"rendered":"https:\/\/www.academyofartbarcelona.com\/obra\/vogue-2\/"},"modified":"2023-07-12T10:20:46","modified_gmt":"2023-07-12T08:20:46","slug":"vogue-2","status":"publish","type":"product","link":"https:\/\/www.academyofartbarcelona.com\/en\/obra\/vogue-2\/","title":{"rendered":"Vogue"},"content":{"rendered":"<p>Impresi\u00f3n gicl\u00e9e de calidad muse\u00edstica, alterada con pintura al \u00f3leo de la mano del artista para transformarla en una obra \u00fanica. Obra enmarcada, numerada y firmada.<\/p>\n","protected":false},"excerpt":{"rendered":"<p>Print gicl\u00e9e, pintura al \u00f3leo<\/p>\n","protected":false},"featured_media":22819,"template":"","meta":{"_acf_changed":false,"_seopress_robots_primary_cat":"none","_seopress_titles_title":"","_seopress_titles_desc":"","_seopress_robots_index":"","_bbp_topic_count":0,"_bbp_reply_count":0,"_bbp_total_topic_count":0,"_bbp_total_reply_count":0,"_bbp_voice_count":0,"_bbp_anonymous_reply_count":0,"_bbp_topic_count_hidden":0,"_bbp_reply_count_hidden":0,"_bbp_forum_subforum_count":0},"product_brand":[],"product_cat":[388],"product_tag":[],"class_list":{"0":"post-22827","1":"product","2":"type-product","3":"status-publish","4":"has-post-thumbnail","6":"product_cat-print-en","8":"first","9":"instock","10":"taxable","11":"shipping-taxable","12":"purchasable","13":"product-type-simple"},"acf":[],"_links":{"self":[{"href":"https:\/\/www.academyofartbarcelona.com\/en\/wp-json\/wp\/v2\/product\/22827","targetHints":{"allow":["GET"]}}],"collection":[{"href":"https:\/\/www.academyofartbarcelona.com\/en\/wp-json\/wp\/v2\/product"}],"about":[{"href":"https:\/\/www.academyofartbarcelona.com\/en\/wp-json\/wp\/v2\/types\/product"}],"wp:featuredmedia":[{"embeddable":true,"href":"https:\/\/www.academyofartbarcelona.com\/en\/wp-json\/wp\/v2\/media\/22819"}],"wp:attachment":[{"href":"https:\/\/www.academyofartbarcelona.com\/en\/wp-json\/wp\/v2\/media?parent=22827"}],"wp:term":[{"taxonomy":"product_brand","embeddable":true,"href":"https:\/\/www.academyofartbarcelona.com\/en\/wp-json\/wp\/v2\/product_brand?post=22827"},{"taxonomy":"product_cat","embeddable":true,"href":"https:\/\/www.academyofartbarcelona.com\/en\/wp-json\/wp\/v2\/product_cat?post=22827"},{"taxonomy":"product_tag","embeddable":true,"href":"https:\/\/www.academyofartbarcelona.com\/en\/wp-json\/wp\/v2\/product_tag?post=22827"}],"curies":[{"name":"wp","href":"https:\/\/api.w.org\/{rel}","templated":true}]}}