{"id":22859,"date":"2022-10-17T16:58:48","date_gmt":"2022-10-17T16:58:48","guid":{"rendered":"https:\/\/www.academyofartbarcelona.com\/?post_type=product&#038;p=22859"},"modified":"2023-07-12T10:14:09","modified_gmt":"2023-07-12T08:14:09","slug":"el-bufon","status":"publish","type":"product","link":"https:\/\/www.academyofartbarcelona.com\/en\/obra\/el-bufon\/","title":{"rendered":"El Buf\u00f3n"},"content":{"rendered":"<p>220 x 126 cm. Work from the series #Cl\u00e1sicosDesollados.<\/p>\n<p>When contemplating for the first time #Cl\u00e1sicosDesollados, we feel that Alam\u00e0 leads us to a new experience. We see a moving reinterpretation of the history of painting unfold in pursuit of the expansion of the codes of contemporary figuration. [&#8230;] This complex collection of studies or &#8216;divertimentos&#8217; &#8211; in the artist&#8217;s words &#8211; starts from a meticulous selection of classical works as a backdrop. Including, among others, works by Vel\u00e1zquez, Goya, G\u00e9ricault, Friedrich, Manet or Degas. Their serenity &#8211; imposed by custom and the passivity of the commonplace &#8211; is taken away from them and we are reminded that they are surprising and living objects.<\/p>\n<p>&nbsp;<\/p>\n","protected":false},"excerpt":{"rendered":"<p>220 x 126 cm. Work from the series #Cl\u00e1sicosDesollados. When contemplating for the first time #Cl\u00e1sicosDesollados, we feel that Alam\u00e0 leads us to a new experience. We see a moving reinterpretation of the history of painting unfold in pursuit of the expansion of the codes of contemporary figuration. [&#8230;] This complex collection of studies or &#8216;divertimentos&#8217; &#8211; in the artist&#8217;s [&hellip;]<\/p>\n","protected":false},"featured_media":22862,"template":"","meta":{"_acf_changed":false,"_seopress_robots_primary_cat":"none","_seopress_titles_title":"","_seopress_titles_desc":"","_seopress_robots_index":"","_bbp_topic_count":0,"_bbp_reply_count":0,"_bbp_total_topic_count":0,"_bbp_total_reply_count":0,"_bbp_voice_count":0,"_bbp_anonymous_reply_count":0,"_bbp_topic_count_hidden":0,"_bbp_reply_count_hidden":0,"_bbp_forum_subforum_count":0},"product_brand":[],"product_cat":[398],"product_tag":[],"class_list":{"0":"post-22859","1":"product","2":"type-product","3":"status-publish","4":"has-post-thumbnail","6":"product_cat-painting","8":"first","9":"instock","10":"taxable","11":"shipping-taxable","12":"purchasable","13":"product-type-simple"},"acf":[],"_links":{"self":[{"href":"https:\/\/www.academyofartbarcelona.com\/en\/wp-json\/wp\/v2\/product\/22859","targetHints":{"allow":["GET"]}}],"collection":[{"href":"https:\/\/www.academyofartbarcelona.com\/en\/wp-json\/wp\/v2\/product"}],"about":[{"href":"https:\/\/www.academyofartbarcelona.com\/en\/wp-json\/wp\/v2\/types\/product"}],"wp:featuredmedia":[{"embeddable":true,"href":"https:\/\/www.academyofartbarcelona.com\/en\/wp-json\/wp\/v2\/media\/22862"}],"wp:attachment":[{"href":"https:\/\/www.academyofartbarcelona.com\/en\/wp-json\/wp\/v2\/media?parent=22859"}],"wp:term":[{"taxonomy":"product_brand","embeddable":true,"href":"https:\/\/www.academyofartbarcelona.com\/en\/wp-json\/wp\/v2\/product_brand?post=22859"},{"taxonomy":"product_cat","embeddable":true,"href":"https:\/\/www.academyofartbarcelona.com\/en\/wp-json\/wp\/v2\/product_cat?post=22859"},{"taxonomy":"product_tag","embeddable":true,"href":"https:\/\/www.academyofartbarcelona.com\/en\/wp-json\/wp\/v2\/product_tag?post=22859"}],"curies":[{"name":"wp","href":"https:\/\/api.w.org\/{rel}","templated":true}]}}